{"id":115,"date":"2015-04-27T17:14:57","date_gmt":"2015-04-27T14:14:57","guid":{"rendered":"http:\/\/viisasmieli.fi\/?page_id=115"},"modified":"2025-07-12T11:21:06","modified_gmt":"2025-07-12T08:21:06","slug":"teemu-vahakangas-2","status":"publish","type":"page","link":"https:\/\/viisasmieli.fi\/?page_id=115","title":{"rendered":"Teemu V\u00e4h\u00e4kangas"},"content":{"rendered":"<p>Kognitiivisen k\u00e4ytt\u00e4ytymisterapian ylemm\u00e4n erityistason psykoterapeutti.<\/p>\n<p>Valvira sek\u00e4 Kela-p\u00e4tevyys.<\/p>\n<p><a href=\"http:\/\/viisasmieli.fi\/wp-content\/uploads\/2015\/04\/teemu1.jpg\"><img loading=\"lazy\" decoding=\"async\" class=\"alignnone size-medium wp-image-205\" src=\"http:\/\/viisasmieli.fi\/wp-content\/uploads\/2015\/04\/teemu1-300x200.jpg\" alt=\"teemu1\" width=\"300\" height=\"200\" srcset=\"https:\/\/viisasmieli.fi\/wp-content\/uploads\/2015\/04\/teemu1-300x200.jpg 300w, https:\/\/viisasmieli.fi\/wp-content\/uploads\/2015\/04\/teemu1.jpg 726w\" sizes=\"auto, (max-width: 300px) 100vw, 300px\" \/><\/a><\/p>\n<p>Tarjoan yksil\u00f6terapiaa aikuisille ja nuorille. My\u00f6s vanhempien ohjausta ja yksil\u00f6ty\u00f6nohjausta.<\/p>\n<p>Erityisosaaminen: pakko-oireet ja -ajatukset, fobiat, sosiaalisten tilanteiden pelot, paniikkih\u00e4iri\u00f6iden hoito, riippuvuudet, el\u00e4m\u00e4n kriisitilanteet, ahdistuneisuusproblematiikka, neuropsykiatriset h\u00e4ss\u00e4k\u00e4t (esim. ADHD, Asperger).<\/p>\n<p>Mik\u00e4\u00e4n ei ole sin\u00e4ll\u00e4\u00e4n outoa ett\u00e4 eik\u00f6h\u00e4n joka kysymykseen \/ ongelmaan jotain jeesi\u00e4 l\u00f6ydy.<\/p>\n<p><strong>Ty\u00f6kokemus:<\/strong><\/p>\n<p>Psykiatrinen sairaanhoitaja 1998-2015<br \/>\nVs. osastonhoitaja 2011-2012<br \/>\nP\u00e4ivystys- ja akuuttipsykiatria 1998-2000 (Helsingin kaupunki\/HUS)\u00a0 \u00a0 \u00a0 \u00a0 \u00a0 \u00a0 \u00a0 \u00a0 \u00a0 \u00a0 \u00a0 \u00a0 \u00a0 \u00a0 \u00a0 \u00a0 \u00a0 \u00a0 \u00a0 HUS Nuorisopsykiatria 2000-2015<\/p>\n<p>Ammatinharjoittaja NeuroMental 2012-2014<br \/>\nAmmatinharjoittaja Psyyke 2012-2017<br \/>\nOma vastaanotto 2012-<\/p>\n","protected":false},"excerpt":{"rendered":"<p>Kognitiivisen k\u00e4ytt\u00e4ytymisterapian ylemm\u00e4n erityistason psykoterapeutti. Valvira sek\u00e4 Kela-p\u00e4tevyys. Tarjoan yksil\u00f6terapiaa aikuisille ja nuorille. My\u00f6s vanhempien ohjausta ja yksil\u00f6ty\u00f6nohjausta. Erityisosaaminen: pakko-oireet ja -ajatukset, fobiat, sosiaalisten tilanteiden pelot, paniikkih\u00e4iri\u00f6iden hoito, riippuvuudet, el\u00e4m\u00e4n kriisitilanteet, ahdistuneisuusproblematiikka, neuropsykiatriset h\u00e4ss\u00e4k\u00e4t (esim. ADHD, Asperger). Mik\u00e4\u00e4n ei ole &hellip; <a href=\"https:\/\/viisasmieli.fi\/?page_id=115\">Lue loppuun <span class=\"meta-nav\">&rarr;<\/span><\/a><\/p>\n","protected":false},"author":1,"featured_media":0,"parent":0,"menu_order":0,"comment_status":"closed","ping_status":"closed","template":"","meta":{"footnotes":""},"class_list":["post-115","page","type-page","status-publish","hentry"],"_links":{"self":[{"href":"https:\/\/viisasmieli.fi\/index.php?rest_route=\/wp\/v2\/pages\/115","targetHints":{"allow":["GET"]}}],"collection":[{"href":"https:\/\/viisasmieli.fi\/index.php?rest_route=\/wp\/v2\/pages"}],"about":[{"href":"https:\/\/viisasmieli.fi\/index.php?rest_route=\/wp\/v2\/types\/page"}],"author":[{"embeddable":true,"href":"https:\/\/viisasmieli.fi\/index.php?rest_route=\/wp\/v2\/users\/1"}],"replies":[{"embeddable":true,"href":"https:\/\/viisasmieli.fi\/index.php?rest_route=%2Fwp%2Fv2%2Fcomments&post=115"}],"version-history":[{"count":43,"href":"https:\/\/viisasmieli.fi\/index.php?rest_route=\/wp\/v2\/pages\/115\/revisions"}],"predecessor-version":[{"id":376,"href":"https:\/\/viisasmieli.fi\/index.php?rest_route=\/wp\/v2\/pages\/115\/revisions\/376"}],"wp:attachment":[{"href":"https:\/\/viisasmieli.fi\/index.php?rest_route=%2Fwp%2Fv2%2Fmedia&parent=115"}],"curies":[{"name":"wp","href":"https:\/\/api.w.org\/{rel}","templated":true}]}}