{"id":189,"date":"2016-02-07T16:37:15","date_gmt":"2016-02-07T14:37:15","guid":{"rendered":"http:\/\/viisasmieli.fi\/?page_id=189"},"modified":"2025-05-12T07:54:48","modified_gmt":"2025-05-12T04:54:48","slug":"hinnat","status":"publish","type":"page","link":"https:\/\/viisasmieli.fi\/?page_id=189","title":{"rendered":"Hinnat"},"content":{"rendered":"<p><strong>\u00a0<\/strong><\/p>\n<p>Ensimm\u00e4inen tutustumisk\u00e4ynti 60e \/ 45 min.<\/p>\n<p>Psykoterapiak\u00e4ynti 90e \/ 45 min. Pidemm\u00e4t tapaamiset (esimerkiksi altistusten yhteydess\u00e4) hinnoitellaan k\u00e4ytetyn ajan mukaan.<\/p>\n<p>Tapaamisen voi peruuttaa viimeist\u00e4\u00e4n 24h ennen sovittua aikaa (tai esim. \u00e4killisess\u00e4 sairastumisessa l\u00e4\u00e4k\u00e4rintodistuksella), muutoin perit\u00e4\u00e4n normaali maksu.<\/p>\n<p>Voit saada my\u00f6s Kelasta tukea psykoterapiaan (57,60e k\u00e4ynti). Lis\u00e4tietoa <a href=\"https:\/\/www.kela.fi\/kuntoutuspsykoterapia\">t\u00e4\u00e4lt\u00e4.<\/a><\/p>\n<p>T\u00e4m\u00e4n linkin takaa saat my\u00f6s tarkempaa tietoa terapiak\u00e4yt\u00e4nn\u00f6ist\u00e4 ja miten l\u00e4hte\u00e4 hakemaan esim. Kelan tukea terapiaan: <a href=\"https:\/\/www.mielenterveystalo.fi\/fi\/terapia\/nain-hakeudut-psykoterapiaan\">https:\/\/www.mielenterveystalo.fi\/fi\/terapia\/nain-hakeudut-psykoterapiaan<\/a><\/p>\n","protected":false},"excerpt":{"rendered":"<p>\u00a0 Ensimm\u00e4inen tutustumisk\u00e4ynti 60e \/ 45 min. Psykoterapiak\u00e4ynti 90e \/ 45 min. Pidemm\u00e4t tapaamiset (esimerkiksi altistusten yhteydess\u00e4) hinnoitellaan k\u00e4ytetyn ajan mukaan. Tapaamisen voi peruuttaa viimeist\u00e4\u00e4n 24h ennen sovittua aikaa (tai esim. \u00e4killisess\u00e4 sairastumisessa l\u00e4\u00e4k\u00e4rintodistuksella), muutoin perit\u00e4\u00e4n normaali maksu. Voit saada &hellip; <a href=\"https:\/\/viisasmieli.fi\/?page_id=189\">Lue loppuun <span class=\"meta-nav\">&rarr;<\/span><\/a><\/p>\n","protected":false},"author":1,"featured_media":0,"parent":0,"menu_order":0,"comment_status":"closed","ping_status":"closed","template":"","meta":{"footnotes":""},"class_list":["post-189","page","type-page","status-publish","hentry"],"_links":{"self":[{"href":"https:\/\/viisasmieli.fi\/index.php?rest_route=\/wp\/v2\/pages\/189","targetHints":{"allow":["GET"]}}],"collection":[{"href":"https:\/\/viisasmieli.fi\/index.php?rest_route=\/wp\/v2\/pages"}],"about":[{"href":"https:\/\/viisasmieli.fi\/index.php?rest_route=\/wp\/v2\/types\/page"}],"author":[{"embeddable":true,"href":"https:\/\/viisasmieli.fi\/index.php?rest_route=\/wp\/v2\/users\/1"}],"replies":[{"embeddable":true,"href":"https:\/\/viisasmieli.fi\/index.php?rest_route=%2Fwp%2Fv2%2Fcomments&post=189"}],"version-history":[{"count":13,"href":"https:\/\/viisasmieli.fi\/index.php?rest_route=\/wp\/v2\/pages\/189\/revisions"}],"predecessor-version":[{"id":374,"href":"https:\/\/viisasmieli.fi\/index.php?rest_route=\/wp\/v2\/pages\/189\/revisions\/374"}],"wp:attachment":[{"href":"https:\/\/viisasmieli.fi\/index.php?rest_route=%2Fwp%2Fv2%2Fmedia&parent=189"}],"curies":[{"name":"wp","href":"https:\/\/api.w.org\/{rel}","templated":true}]}}