{"id":194,"date":"2016-02-07T16:42:57","date_gmt":"2016-02-07T14:42:57","guid":{"rendered":"http:\/\/viisasmieli.fi\/?page_id=194"},"modified":"2023-11-27T20:32:28","modified_gmt":"2023-11-27T18:32:28","slug":"vastaanotto","status":"publish","type":"page","link":"https:\/\/viisasmieli.fi\/?page_id=194","title":{"rendered":"Vastaanotto"},"content":{"rendered":"<p>Teen et\u00e4vastaanottoa videoyhteyden kautta eli voin ottaa asiakkaita ymp\u00e4ri Suomea (ja toki my\u00f6s maailmanlaajuisesti jos vain paikalliset yhteydet pelitt\u00e4\u00e4).<\/p>\n<p>Ty\u00f6skentelyajat ovat arkip\u00e4ivisin klo 9-17.<\/p>\n<p>Yhden tapaamisen kesto on 45 minuuttia. Pidempikestoisten altistusten yhteydess\u00e4 kesto voi olla esimerkiksi 90 minuuttia. Tapaamisia on yleens\u00e4 kerran viikossa mutta tarvittaessa useamminkin. Tapaamisia voidaan tehd\u00e4 sovitusti my\u00f6s muualla kuin et\u00e4vastaanotolla, vaikkapa asiakkaan kotona tai muissa ymp\u00e4rist\u00f6iss\u00e4 (altistushoidot).<\/p>\n\n\n<p><\/p>\n","protected":false},"excerpt":{"rendered":"<p>Teen et\u00e4vastaanottoa videoyhteyden kautta eli voin ottaa asiakkaita ymp\u00e4ri Suomea (ja toki my\u00f6s maailmanlaajuisesti jos vain paikalliset yhteydet pelitt\u00e4\u00e4). Ty\u00f6skentelyajat ovat arkip\u00e4ivisin klo 9-17. Yhden tapaamisen kesto on 45 minuuttia. Pidempikestoisten altistusten yhteydess\u00e4 kesto voi olla esimerkiksi 90 minuuttia. Tapaamisia &hellip; <a href=\"https:\/\/viisasmieli.fi\/?page_id=194\">Lue loppuun <span class=\"meta-nav\">&rarr;<\/span><\/a><\/p>\n","protected":false},"author":1,"featured_media":0,"parent":0,"menu_order":0,"comment_status":"closed","ping_status":"closed","template":"","meta":{"footnotes":""},"class_list":["post-194","page","type-page","status-publish","hentry"],"_links":{"self":[{"href":"https:\/\/viisasmieli.fi\/index.php?rest_route=\/wp\/v2\/pages\/194","targetHints":{"allow":["GET"]}}],"collection":[{"href":"https:\/\/viisasmieli.fi\/index.php?rest_route=\/wp\/v2\/pages"}],"about":[{"href":"https:\/\/viisasmieli.fi\/index.php?rest_route=\/wp\/v2\/types\/page"}],"author":[{"embeddable":true,"href":"https:\/\/viisasmieli.fi\/index.php?rest_route=\/wp\/v2\/users\/1"}],"replies":[{"embeddable":true,"href":"https:\/\/viisasmieli.fi\/index.php?rest_route=%2Fwp%2Fv2%2Fcomments&post=194"}],"version-history":[{"count":29,"href":"https:\/\/viisasmieli.fi\/index.php?rest_route=\/wp\/v2\/pages\/194\/revisions"}],"predecessor-version":[{"id":352,"href":"https:\/\/viisasmieli.fi\/index.php?rest_route=\/wp\/v2\/pages\/194\/revisions\/352"}],"wp:attachment":[{"href":"https:\/\/viisasmieli.fi\/index.php?rest_route=%2Fwp%2Fv2%2Fmedia&parent=194"}],"curies":[{"name":"wp","href":"https:\/\/api.w.org\/{rel}","templated":true}]}}