{"id":26,"date":"2013-11-12T19:34:12","date_gmt":"2013-11-12T17:34:12","guid":{"rendered":"http:\/\/viisasmieli.fi\/?page_id=26"},"modified":"2020-12-08T17:34:07","modified_gmt":"2020-12-08T15:34:07","slug":"kognitiivinen-kayttaytymisterapia","status":"publish","type":"page","link":"https:\/\/viisasmieli.fi\/","title":{"rendered":"Kognitiivinen k\u00e4ytt\u00e4ytymisterapia"},"content":{"rendered":"<p>Kognitiivisessa k\u00e4ytt\u00e4ytymisterapiassa tutkitaan hyvinvointia rajoittavia, ep\u00e4tarkoituksenmukaisia ajatustapoja ja niiden yhteyksi\u00e4 henkil\u00f6n ongelmallisiin kokemuksiin, tunteisiin ja toimintatapoihin, joista seuraa itselle vahingollisia k\u00e4ytt\u00e4ytymismalleja. N\u00e4iden ajatusten tunnistamisen ja muuttamisen ohella pyrit\u00e4\u00e4n k\u00e4ytt\u00e4ytymisterapian avulla opettamaan henkil\u00f6lle ongelmanratkaisutaitoja ja selviytymiskeinoja arjen eri tilanteisiin.<\/p>\n<p>Psykologinen k\u00e4rsimys on yleismaailmallista. Jokainen kokee sit\u00e4 ajoittain. Terapian punainen lanka on siin\u00e4, miten k\u00e4rsimyst\u00e4 tuottavien asioiden, ajatusten ja tunteiden kanssa oppii el\u00e4m\u00e4\u00e4n niin, ett\u00e4 ne mahdollisimman v\u00e4h\u00e4n haittaavat henkil\u00f6n tavallista ja normaalia arkea.<\/p>\n<p>Kognitiivisessa k\u00e4ytt\u00e4ytymisterapiassa ty\u00f6skennell\u00e4\u00e4n tieteellisesti tutkittujen n\u00e4ytt\u00f6\u00f6n perustuvien menetelmien avulla.<\/p>\n","protected":false},"excerpt":{"rendered":"<p>Kognitiivisessa k\u00e4ytt\u00e4ytymisterapiassa tutkitaan hyvinvointia rajoittavia, ep\u00e4tarkoituksenmukaisia ajatustapoja ja niiden yhteyksi\u00e4 henkil\u00f6n ongelmallisiin kokemuksiin, tunteisiin ja toimintatapoihin, joista seuraa itselle vahingollisia k\u00e4ytt\u00e4ytymismalleja. N\u00e4iden ajatusten tunnistamisen ja muuttamisen ohella pyrit\u00e4\u00e4n k\u00e4ytt\u00e4ytymisterapian avulla opettamaan henkil\u00f6lle ongelmanratkaisutaitoja ja selviytymiskeinoja arjen eri tilanteisiin. Psykologinen k\u00e4rsimys &hellip; <a href=\"https:\/\/viisasmieli.fi\/\">Lue loppuun <span class=\"meta-nav\">&rarr;<\/span><\/a><\/p>\n","protected":false},"author":1,"featured_media":0,"parent":0,"menu_order":1,"comment_status":"closed","ping_status":"closed","template":"onecolumn-page.php","meta":{"footnotes":""},"class_list":["post-26","page","type-page","status-publish","hentry"],"_links":{"self":[{"href":"https:\/\/viisasmieli.fi\/index.php?rest_route=\/wp\/v2\/pages\/26","targetHints":{"allow":["GET"]}}],"collection":[{"href":"https:\/\/viisasmieli.fi\/index.php?rest_route=\/wp\/v2\/pages"}],"about":[{"href":"https:\/\/viisasmieli.fi\/index.php?rest_route=\/wp\/v2\/types\/page"}],"author":[{"embeddable":true,"href":"https:\/\/viisasmieli.fi\/index.php?rest_route=\/wp\/v2\/users\/1"}],"replies":[{"embeddable":true,"href":"https:\/\/viisasmieli.fi\/index.php?rest_route=%2Fwp%2Fv2%2Fcomments&post=26"}],"version-history":[{"count":14,"href":"https:\/\/viisasmieli.fi\/index.php?rest_route=\/wp\/v2\/pages\/26\/revisions"}],"predecessor-version":[{"id":312,"href":"https:\/\/viisasmieli.fi\/index.php?rest_route=\/wp\/v2\/pages\/26\/revisions\/312"}],"wp:attachment":[{"href":"https:\/\/viisasmieli.fi\/index.php?rest_route=%2Fwp%2Fv2%2Fmedia&parent=26"}],"curies":[{"name":"wp","href":"https:\/\/api.w.org\/{rel}","templated":true}]}}