{"id":46,"date":"2013-11-12T19:54:55","date_gmt":"2013-11-12T17:54:55","guid":{"rendered":"http:\/\/viisasmieli.fi\/?page_id=46"},"modified":"2024-07-17T17:47:09","modified_gmt":"2024-07-17T14:47:09","slug":"yhteystiedot-ja-ajanvaraus","status":"publish","type":"page","link":"https:\/\/viisasmieli.fi\/?page_id=46","title":{"rendered":"Yhteystiedot ja ajanvaraus"},"content":{"rendered":"<div>\n<p>Vastaanottoni on t\u00e4ynn\u00e4 eli en voi ottaa uusia asiakkaita.<\/p>\n<p>&nbsp;<\/p>\n<p><strong>Teemu V\u00e4h\u00e4kan<\/strong><strong>gas<\/strong><\/p>\n<p><a href=\"mailto:ttvahakangas@gmail.com\">ttvahakangas@gmail.com<\/a><\/p>\n<\/div>\n<hr \/>\n<p><strong>Rekister\u00f6idyn oikeudet<\/strong><br \/>\nRekister\u00f6idyll\u00e4 on mahdollisuus selvitt\u00e4\u00e4, mit\u00e4 tietoja h\u00e4nest\u00e4 on ker\u00e4tty ja talletettu sek\u00e4 mahdollisuus tarvittaessa saattaa asia tutkittavaksi.<br \/>\nHenkil\u00f6tietoja voi k\u00e4sitell\u00e4 rekister\u00f6idyn antamalla suostumuksella. K\u00e4sittely on mahdollista my\u00f6s, jos rekister\u00f6idyn ja rekisterinpit\u00e4j\u00e4n v\u00e4lill\u00e4 on sellainen asiakas-, ty\u00f6- tai j\u00e4senyyssuhde, jossa henkil\u00f6tietojen ker\u00e4\u00e4minen ja tallettaminen ovat tarpeellista osapuolten v\u00e4listen asioiden hoitamiseksi. Lis\u00e4ksi oikeus henkil\u00f6tietojen k\u00e4sittelyyn voi perustua muussa laissa rekisterinpit\u00e4j\u00e4lle s\u00e4\u00e4dettyyn teht\u00e4v\u00e4\u00e4n.<\/p>\n<p>Henkil\u00f6tietolaissa rekister\u00f6idylle s\u00e4\u00e4dettyj\u00e4 nimenomaisia oikeuksia ovat:<br \/>\nTiedonsaantioikeus<br \/>\nHenkil\u00f6tietojen k\u00e4sittelyn edellytet\u00e4\u00e4n olevan avointa. Rekisterinpit\u00e4j\u00e4 on siten velvollinen antamaan tietoja henkil\u00f6tietojesi k\u00e4sittelyst\u00e4 sek\u00e4 niit\u00e4 ker\u00e4tt\u00e4ess\u00e4, ett\u00e4 k\u00e4sitelt\u00e4ess\u00e4. Sinulle on kerrottava tiedot: rekisterinpit\u00e4j\u00e4st\u00e4 ja tarvittaessa t\u00e4m\u00e4n edustajasta, henkil\u00f6tietojen k\u00e4sittelyn tarkoituksesta, s\u00e4\u00e4nn\u00f6nmukaisista tietojen luovutuksista, rekister\u00f6ityjen oikeuksien k\u00e4ytt\u00e4misest\u00e4 henkil\u00f6tietojen k\u00e4sittelyss\u00e4.<br \/>\nJokaisella on oikeus saada tietoja my\u00f6s rekisteriselosteesta, joka on laadittava kaikista henkil\u00f6rekistereist\u00e4. Siit\u00e4 k\u00e4y ilmi muun muassa rekisterinpit\u00e4j\u00e4n nimi sek\u00e4 mit\u00e4 tietoja rekisteriin on ker\u00e4tty ja mihin niit\u00e4 k\u00e4ytet\u00e4\u00e4n. Rekisterinpit\u00e4j\u00e4 voi lis\u00e4t\u00e4 selosteeseen my\u00f6s rekister\u00f6idyn oikeuksista kertovan osuuden.<br \/>\nSinulla on oikeus saada rekisteriseloste n\u00e4ht\u00e4v\u00e4ksesi p\u00e4\u00e4s\u00e4\u00e4nt\u00f6isesti rekisterinpit\u00e4j\u00e4n toimipaikassa. Mik\u00e4li rekisteri on verkossa, my\u00f6s rekisteriselosteen on oltava verkossa.<\/p>\n<p>Tarkastusoikeus<br \/>\nSinulla on pyynn\u00f6st\u00e4si oikeus saada tiet\u00e4\u00e4, mit\u00e4 tietoja sinusta on henkil\u00f6rekisteriss\u00e4 tai ettei rekisteriss\u00e4 ole sinua koskevia tietoja. Tiedot on annettava sinulle ymm\u00e4rrett\u00e4v\u00e4ss\u00e4 muodossa ja halutessasi saat ne my\u00f6s kirjallisesti. Sinulla on oikeus saada tiet\u00e4\u00e4, mist\u00e4 tiedot rekisteri\u00e4 varten s\u00e4\u00e4nn\u00f6nmukaisesti hankitaan ja mihin tietoja k\u00e4ytet\u00e4\u00e4n ja s\u00e4\u00e4nn\u00f6nmukaisesti luovutetaan<br \/>\nTietojen tarkastaminen on ilmaista kerran vuodessa. Tarkastusoikeus on p\u00e4\u00e4s\u00e4\u00e4nt\u00f6. Laissa on kuitenkin poikkeuksia tiettyj\u00e4 tilanteita varten ja er\u00e4\u00e4t rekisterit on j\u00e4tetty kokonaan tarkastusoikeuden ulkopuolelle.<\/p>\n<p>Tarkastusoikeuden k\u00e4ytt\u00e4minen<br \/>\nEsit\u00e4 tarkastuspyynt\u00f6 suoraan rekisterinpit\u00e4j\u00e4lle. Halutessasi voit k\u00e4ytt\u00e4\u00e4 tietosuojavaltuutetun toimiston laatimaa mallilomaketta.<br \/>\nMik\u00e4li rekisterinpit\u00e4j\u00e4 kielt\u00e4ytyy antamasta tietojasi, h\u00e4nen on annettava sinulle kirjallinen todistus. Todistuksesta k\u00e4yv\u00e4t ilmi syyt, joiden vuoksi tarkastusoikeus on ev\u00e4tty. T\u00e4m\u00e4n j\u00e4lkeen voit k\u00e4\u00e4nty\u00e4 tietosuojavaltuutetun puoleen.<\/p>\n<p>Oikeus saada tietonsa korjatuiksi<br \/>\nJokaisella on oikeus tulla arvioiduksi oikeiden tietojen perusteella. Rekisteriin voidaan tallettaa vain m\u00e4\u00e4ritellyn henkil\u00f6tietojen k\u00e4sittelyn tarkoituksen kannalta tarpeellisia tietoja. Rekisterinpit\u00e4j\u00e4n on ilmoitettava tiedon korjaamisesta my\u00f6s sille, jolle tietojasi on luovutettu ja jolta virheellinen tieto on saatu. Esit\u00e4 tiedon korjaamisvaatimus suoraan rekisterinpit\u00e4j\u00e4lle. Halutessasi voit k\u00e4ytt\u00e4\u00e4 tietosuojavaltuutetun toimiston laatimaa mallilomaketta.<br \/>\nMik\u00e4li rekisterinpit\u00e4j\u00e4 ei suostu korjaamaan tietoa, h\u00e4nen on annettava sinulle todistus, josta k\u00e4y ilmi ep\u00e4\u00e4misen syyt. T\u00e4m\u00e4n j\u00e4lkeen voit k\u00e4\u00e4nty\u00e4 tietosuojavaltuutetun puoleen.<br \/>\nKielto-oikeus<br \/>\nSinulla on oikeus kielt\u00e4\u00e4 rekisterinpit\u00e4j\u00e4\u00e4 k\u00e4sittelem\u00e4st\u00e4 sinua koskevia tietoja tiettyihin tarkoituksiin. Voit kielt\u00e4\u00e4 tietojesi k\u00e4yt\u00f6n suoramainontaa, et\u00e4myynti\u00e4 tai muuta suoramarkkinointia sek\u00e4 markkina- ja mielipidetutkimusta tai henkil\u00f6matrikkelia ja sukututkimusta varten.<br \/>\nJos haluat kielt\u00e4\u00e4 osoitetietojesi k\u00e4ytt\u00e4misen tai luovuttamisen suoramarkkinointitarkoituksiin, ilmoita kiellosta rekisterinpit\u00e4j\u00e4lle, esim. puhelin- tai lehtiyhti\u00f6lle tai yhdistykselle. Voit ilmoittaa kiellon puhelimitse tai kirjallisesti. Kielto-oikeuden k\u00e4ytt\u00e4minen on maksutonta.<br \/>\nMahdollisimman kattavan kiellon aikaansaamiseksi voit kielt\u00e4\u00e4 seuraavia tahoja luovuttamasta osoitetietojasi: V\u00e4est\u00f6rekisterikeskus ja Liikenteen turvallisuusvirasto Trafi.<\/p>\n<p>K\u00e4yt\u00e4nn\u00f6n toimet<br \/>\nKun rekister\u00f6ity haluaa k\u00e4ytt\u00e4\u00e4 n\u00e4it\u00e4 oikeuksia tai h\u00e4nell\u00e4 on kysytt\u00e4v\u00e4\u00e4 henkil\u00f6tietojensa k\u00e4sittelyst\u00e4, h\u00e4nen on ensisijaisesti otettava yhteytt\u00e4 asianomaiseen rekisterinpit\u00e4j\u00e4\u00e4n. Ellei rekister\u00f6ity saa selvitetty\u00e4 asiaansa rekisterinpit\u00e4j\u00e4n kanssa, h\u00e4n voi ottaa yhteytt\u00e4 tietosuojavaltuutetun toimistoon.<br \/>\nJos henkil\u00f6tietojen k\u00e4sittelyss\u00e4 voi olla kyse henkil\u00f6tietolaissa tai rikoslaissa m\u00e4\u00e4ritellyst\u00e4 rikoksesta, rekister\u00f6ity voi pyyt\u00e4\u00e4 my\u00f6s poliisiviranomaista selvitt\u00e4m\u00e4\u00e4n asiaa.<\/p>\n<p>Palkkahallinnon rekisterin ollessa kyseess\u00e4, rekisterinpit\u00e4j\u00e4 on ty\u00f6nantajayritys.<\/p>\n","protected":false},"excerpt":{"rendered":"<p>Vastaanottoni on t\u00e4ynn\u00e4 eli en voi ottaa uusia asiakkaita. &nbsp; Teemu V\u00e4h\u00e4kangas ttvahakangas@gmail.com Rekister\u00f6idyn oikeudet Rekister\u00f6idyll\u00e4 on mahdollisuus selvitt\u00e4\u00e4, mit\u00e4 tietoja h\u00e4nest\u00e4 on ker\u00e4tty ja talletettu sek\u00e4 mahdollisuus tarvittaessa saattaa asia tutkittavaksi. Henkil\u00f6tietoja voi k\u00e4sitell\u00e4 rekister\u00f6idyn antamalla suostumuksella. K\u00e4sittely on &hellip; <a href=\"https:\/\/viisasmieli.fi\/?page_id=46\">Lue loppuun <span class=\"meta-nav\">&rarr;<\/span><\/a><\/p>\n","protected":false},"author":1,"featured_media":0,"parent":0,"menu_order":3,"comment_status":"closed","ping_status":"closed","template":"onecolumn-page.php","meta":{"footnotes":""},"class_list":["post-46","page","type-page","status-publish","hentry"],"_links":{"self":[{"href":"https:\/\/viisasmieli.fi\/index.php?rest_route=\/wp\/v2\/pages\/46","targetHints":{"allow":["GET"]}}],"collection":[{"href":"https:\/\/viisasmieli.fi\/index.php?rest_route=\/wp\/v2\/pages"}],"about":[{"href":"https:\/\/viisasmieli.fi\/index.php?rest_route=\/wp\/v2\/types\/page"}],"author":[{"embeddable":true,"href":"https:\/\/viisasmieli.fi\/index.php?rest_route=\/wp\/v2\/users\/1"}],"replies":[{"embeddable":true,"href":"https:\/\/viisasmieli.fi\/index.php?rest_route=%2Fwp%2Fv2%2Fcomments&post=46"}],"version-history":[{"count":28,"href":"https:\/\/viisasmieli.fi\/index.php?rest_route=\/wp\/v2\/pages\/46\/revisions"}],"predecessor-version":[{"id":366,"href":"https:\/\/viisasmieli.fi\/index.php?rest_route=\/wp\/v2\/pages\/46\/revisions\/366"}],"wp:attachment":[{"href":"https:\/\/viisasmieli.fi\/index.php?rest_route=%2Fwp%2Fv2%2Fmedia&parent=46"}],"curies":[{"name":"wp","href":"https:\/\/api.w.org\/{rel}","templated":true}]}}